{"id":1567,"date":"2016-09-19T22:49:21","date_gmt":"2016-09-19T20:49:21","guid":{"rendered":"https:\/\/www.fablab-neckar-alb.org\/?page_id=1567"},"modified":"2023-06-25T16:54:45","modified_gmt":"2023-06-25T14:54:45","slug":"unterstuetzer","status":"publish","type":"page","link":"https:\/\/www.fablab-neckar-alb.org\/en\/unterstuetzer\/","title":{"rendered":"Supporter"},"content":{"rendered":"<p class=\"qtranxs-available-languages-message qtranxs-available-languages-message-en\">Sorry, this entry is only available in <a href=\"https:\/\/www.fablab-neckar-alb.org\/de\/wp-json\/wp\/v2\/pages\/1567\" class=\"qtranxs-available-language-link qtranxs-available-language-link-de\" title=\"Deutsch\">Deutsch<\/a>. For the sake of viewer convenience, the content is shown below in the alternative language. You may click the link to switch the active language.<\/p><p>Vielen Dank an:<\/p>\n<p>&#8230;die Stadt T\u00fcbingen und ihre Kukturf\u00f6rderung:<\/p>\n<p><a href=\"https:\/\/www.tuebingen.de\/kulturfoerderung\"><img fetchpriority=\"high\" decoding=\"async\" class=\"size-large wp-image-1578 aligncenter\" src=\"https:\/\/www.fablab-neckar-alb.org\/wp-content\/uploads\/2016\/09\/Tuebingen_Euro_3c-1024x588.png\" alt=\"tuebingen_euro_3c\" width=\"750\" height=\"431\" srcset=\"https:\/\/www.fablab-neckar-alb.org\/wp-content\/uploads\/2016\/09\/Tuebingen_Euro_3c-1024x588.png 1024w, https:\/\/www.fablab-neckar-alb.org\/wp-content\/uploads\/2016\/09\/Tuebingen_Euro_3c-300x172.png 300w, https:\/\/www.fablab-neckar-alb.org\/wp-content\/uploads\/2016\/09\/Tuebingen_Euro_3c-768x441.png 768w, https:\/\/www.fablab-neckar-alb.org\/wp-content\/uploads\/2016\/09\/Tuebingen_Euro_3c.png 1183w\" sizes=\"(max-width: 750px) 100vw, 750px\" \/><\/a><\/p>\n<p>&#8230;das Stadtmuseum f\u00fcr die gute Zusammenarbeit<br \/>\n<a href=\"https:\/\/www.tuebingen.de\/stadtmuseum\/\"><img decoding=\"async\" class=\"aligcenter size-medium wp-image-4289\" src=\"https:\/\/www.fablab-neckar-alb.org\/wp-content\/uploads\/2018\/01\/Logo-sw_EPS_neu-Kopie-300x121.jpg\" alt=\"\" width=\"900\" height=\"363\" srcset=\"https:\/\/www.fablab-neckar-alb.org\/wp-content\/uploads\/2018\/01\/Logo-sw_EPS_neu-Kopie-300x121.jpg 300w, https:\/\/www.fablab-neckar-alb.org\/wp-content\/uploads\/2018\/01\/Logo-sw_EPS_neu-Kopie-768x309.jpg 768w, https:\/\/www.fablab-neckar-alb.org\/wp-content\/uploads\/2018\/01\/Logo-sw_EPS_neu-Kopie.jpg 935w\" sizes=\"(max-width: 900px) 100vw, 900px\" \/><\/a><\/p>\n<p>&#8230;die anstiftung f\u00fcr viele informationen und mehr<br \/>\n<a href=\"https:\/\/anstiftung.de\/\"><img decoding=\"async\" class=\"alignright size-full wp-image-2735\" src=\"https:\/\/www.fablab-neckar-alb.org\/wp-content\/uploads\/2016\/09\/anstiftungslogo-farbig-72dpi.jpg\" alt=\"\" width=\"1000\" height=\"484\" srcset=\"https:\/\/www.fablab-neckar-alb.org\/wp-content\/uploads\/2016\/09\/anstiftungslogo-farbig-72dpi.jpg 1000w, https:\/\/www.fablab-neckar-alb.org\/wp-content\/uploads\/2016\/09\/anstiftungslogo-farbig-72dpi-300x145.jpg 300w, https:\/\/www.fablab-neckar-alb.org\/wp-content\/uploads\/2016\/09\/anstiftungslogo-farbig-72dpi-768x372.jpg 768w\" sizes=\"(max-width: 1000px) 100vw, 1000px\" \/><\/a><\/p>\n<p>&#8230;FESTOOL f\u00fcr die Unterst\u00fctzung<\/p>\n<p><a href=\"https:\/\/www.festool.de\"><img loading=\"lazy\" decoding=\"async\" class=\"size-full wp-image-1573 aligncenter\" src=\"https:\/\/www.fablab-neckar-alb.org\/wp-content\/uploads\/2016\/09\/logo_festool.jpg\" alt=\"logo_festool\" width=\"472\" height=\"236\" srcset=\"https:\/\/www.fablab-neckar-alb.org\/wp-content\/uploads\/2016\/09\/logo_festool.jpg 472w, https:\/\/www.fablab-neckar-alb.org\/wp-content\/uploads\/2016\/09\/logo_festool-300x150.jpg 300w\" sizes=\"(max-width: 472px) 100vw, 472px\" \/><\/a><\/p>\n<p>&#8230;die Kreissparkasse T\u00fcbingen f\u00fcr ihre Unterst\u00fctzung<\/p>\n<p><img loading=\"lazy\" decoding=\"async\" class=\"size-large wp-image-1034 aligncenter\" src=\"https:\/\/www.fablab-neckar-alb.org\/wp-content\/uploads\/2016\/02\/Bildschirmfoto-2016-02-10-um-19.48.04-1024x407.png\" alt=\"sparkasse logo\" width=\"750\" height=\"298\" srcset=\"https:\/\/www.fablab-neckar-alb.org\/wp-content\/uploads\/2016\/02\/Bildschirmfoto-2016-02-10-um-19.48.04-1024x407.png 1024w, https:\/\/www.fablab-neckar-alb.org\/wp-content\/uploads\/2016\/02\/Bildschirmfoto-2016-02-10-um-19.48.04-300x119.png 300w, https:\/\/www.fablab-neckar-alb.org\/wp-content\/uploads\/2016\/02\/Bildschirmfoto-2016-02-10-um-19.48.04-768x306.png 768w, https:\/\/www.fablab-neckar-alb.org\/wp-content\/uploads\/2016\/02\/Bildschirmfoto-2016-02-10-um-19.48.04.png 1634w\" sizes=\"(max-width: 750px) 100vw, 750px\" \/><\/p>\n<p>&#8230;an das schlachthaus f\u00fcr die gute Zusammenarbeit<\/p>\n<p><a href=\"http:\/\/www.schlachthaus-tuebingen.de\"><img loading=\"lazy\" decoding=\"async\" class=\"size-large wp-image-1035 aligncenter\" src=\"https:\/\/www.fablab-neckar-alb.org\/wp-content\/uploads\/2016\/02\/Bildschirmfoto-2016-02-10-um-19.56.06-1024x180.png\" alt=\"logo Schlachthaus\" width=\"750\" height=\"132\" srcset=\"https:\/\/www.fablab-neckar-alb.org\/wp-content\/uploads\/2016\/02\/Bildschirmfoto-2016-02-10-um-19.56.06-1024x180.png 1024w, https:\/\/www.fablab-neckar-alb.org\/wp-content\/uploads\/2016\/02\/Bildschirmfoto-2016-02-10-um-19.56.06-300x53.png 300w, https:\/\/www.fablab-neckar-alb.org\/wp-content\/uploads\/2016\/02\/Bildschirmfoto-2016-02-10-um-19.56.06-768x135.png 768w, https:\/\/www.fablab-neckar-alb.org\/wp-content\/uploads\/2016\/02\/Bildschirmfoto-2016-02-10-um-19.56.06.png 1594w\" sizes=\"(max-width: 750px) 100vw, 750px\" \/><\/a><\/p>\n<p>&#8230;an das Z\u00e4hlwerk f\u00fcr die gute Zusammenarbeit<\/p>\n<p><a href=\"https:\/\/www.zaehlwerk.net\/unternehmen\"><img loading=\"lazy\" decoding=\"async\" class=\"size-full wp-image-1586 aligncenter\" src=\"https:\/\/www.fablab-neckar-alb.org\/wp-content\/uploads\/2016\/09\/logo.png\" alt=\"logo zaehlwerk\" width=\"482\" height=\"220\" \/><\/a><\/p>","protected":false},"excerpt":{"rendered":"<p>Sorry, this entry is only available in Deutsch. For the sake of viewer convenience, the content is shown below in the alternative language. You may click the link to switch [&hellip;]<\/p>\n","protected":false},"author":11,"featured_media":0,"parent":0,"menu_order":0,"comment_status":"closed","ping_status":"closed","template":"","meta":{"ocean_post_layout":"","ocean_both_sidebars_style":"","ocean_both_sidebars_content_width":0,"ocean_both_sidebars_sidebars_width":0,"ocean_sidebar":"0","ocean_second_sidebar":"0","ocean_disable_margins":"enable","ocean_add_body_class":"","ocean_shortcode_before_top_bar":"","ocean_shortcode_after_top_bar":"","ocean_shortcode_before_header":"","ocean_shortcode_after_header":"","ocean_has_shortcode":"","ocean_shortcode_after_title":"","ocean_shortcode_before_footer_widgets":"","ocean_shortcode_after_footer_widgets":"","ocean_shortcode_before_footer_bottom":"","ocean_shortcode_after_footer_bottom":"","ocean_display_top_bar":"default","ocean_display_header":"default","ocean_header_style":"","ocean_center_header_left_menu":"0","ocean_custom_header_template":"0","ocean_custom_logo":0,"ocean_custom_retina_logo":0,"ocean_custom_logo_max_width":0,"ocean_custom_logo_tablet_max_width":0,"ocean_custom_logo_mobile_max_width":0,"ocean_custom_logo_max_height":0,"ocean_custom_logo_tablet_max_height":0,"ocean_custom_logo_mobile_max_height":0,"ocean_header_custom_menu":"0","ocean_menu_typo_font_family":"0","ocean_menu_typo_font_subset":"","ocean_menu_typo_font_size":0,"ocean_menu_typo_font_size_tablet":0,"ocean_menu_typo_font_size_mobile":0,"ocean_menu_typo_font_size_unit":"px","ocean_menu_typo_font_weight":"","ocean_menu_typo_font_weight_tablet":"","ocean_menu_typo_font_weight_mobile":"","ocean_menu_typo_transform":"","ocean_menu_typo_transform_tablet":"","ocean_menu_typo_transform_mobile":"","ocean_menu_typo_line_height":0,"ocean_menu_typo_line_height_tablet":0,"ocean_menu_typo_line_height_mobile":0,"ocean_menu_typo_line_height_unit":"","ocean_menu_typo_spacing":0,"ocean_menu_typo_spacing_tablet":0,"ocean_menu_typo_spacing_mobile":0,"ocean_menu_typo_spacing_unit":"","ocean_menu_link_color":"","ocean_menu_link_color_hover":"","ocean_menu_link_color_active":"","ocean_menu_link_background":"","ocean_menu_link_hover_background":"","ocean_menu_link_active_background":"","ocean_menu_social_links_bg":"","ocean_menu_social_hover_links_bg":"","ocean_menu_social_links_color":"","ocean_menu_social_hover_links_color":"","ocean_disable_title":"default","ocean_disable_heading":"default","ocean_post_title":"","ocean_post_subheading":"","ocean_post_title_style":"","ocean_post_title_background_color":"","ocean_post_title_background":0,"ocean_post_title_bg_image_position":"","ocean_post_title_bg_image_attachment":"","ocean_post_title_bg_image_repeat":"","ocean_post_title_bg_image_size":"","ocean_post_title_height":0,"ocean_post_title_bg_overlay":0.5,"ocean_post_title_bg_overlay_color":"","ocean_disable_breadcrumbs":"default","ocean_breadcrumbs_color":"","ocean_breadcrumbs_separator_color":"","ocean_breadcrumbs_links_color":"","ocean_breadcrumbs_links_hover_color":"","ocean_display_footer_widgets":"default","ocean_display_footer_bottom":"default","ocean_custom_footer_template":"0","footnotes":""},"class_list":["post-1567","page","type-page","status-publish","hentry","entry"],"_links":{"self":[{"href":"https:\/\/www.fablab-neckar-alb.org\/en\/wp-json\/wp\/v2\/pages\/1567","targetHints":{"allow":["GET"]}}],"collection":[{"href":"https:\/\/www.fablab-neckar-alb.org\/en\/wp-json\/wp\/v2\/pages"}],"about":[{"href":"https:\/\/www.fablab-neckar-alb.org\/en\/wp-json\/wp\/v2\/types\/page"}],"author":[{"embeddable":true,"href":"https:\/\/www.fablab-neckar-alb.org\/en\/wp-json\/wp\/v2\/users\/11"}],"replies":[{"embeddable":true,"href":"https:\/\/www.fablab-neckar-alb.org\/en\/wp-json\/wp\/v2\/comments?post=1567"}],"version-history":[{"count":0,"href":"https:\/\/www.fablab-neckar-alb.org\/en\/wp-json\/wp\/v2\/pages\/1567\/revisions"}],"wp:attachment":[{"href":"https:\/\/www.fablab-neckar-alb.org\/en\/wp-json\/wp\/v2\/media?parent=1567"}],"curies":[{"name":"wp","href":"https:\/\/api.w.org\/{rel}","templated":true}]}}