{"id":240,"date":"2014-10-27T12:44:50","date_gmt":"2014-10-27T10:44:50","guid":{"rendered":"https:\/\/fablab.zaehlwerk.net\/?page_id=240"},"modified":"2026-02-22T13:25:08","modified_gmt":"2026-02-22T12:25:08","slug":"ausstattung","status":"publish","type":"page","link":"https:\/\/www.fablab-neckar-alb.org\/en\/fablab-was-ist-das-eigentlich\/ausstattung\/","title":{"rendered":"Equipment"},"content":{"rendered":"<p class=\"qtranxs-available-languages-message qtranxs-available-languages-message-en\">Sorry, this entry is only available in <a href=\"https:\/\/www.fablab-neckar-alb.org\/de\/wp-json\/wp\/v2\/pages\/240\" class=\"qtranxs-available-language-link qtranxs-available-language-link-de\" title=\"Deutsch\">Deutsch<\/a>. For the sake of viewer convenience, the content is shown below in the alternative language. You may click the link to switch the active language.<\/p><p><\/p>\n<div class=\"clear\">\n<h1>Obere Etage:<\/h1>\n<\/div>\n<div class=\"clear\">\n<h2>3D Drucker<\/h2>\n<p><a href=\"https:\/\/www.fablab-neckar-alb.org\/wp-content\/uploads\/2021\/11\/original-prusa-i3-mk3-multi-material-aggiornamento.jpg\"><img fetchpriority=\"high\" decoding=\"async\" class=\"alignnone size-medium wp-image-5709\" src=\"https:\/\/www.fablab-neckar-alb.org\/wp-content\/uploads\/2021\/11\/original-prusa-i3-mk3-multi-material-aggiornamento-300x300.jpg\" alt=\"\" width=\"300\" height=\"300\" srcset=\"https:\/\/www.fablab-neckar-alb.org\/wp-content\/uploads\/2021\/11\/original-prusa-i3-mk3-multi-material-aggiornamento-300x300.jpg 300w, https:\/\/www.fablab-neckar-alb.org\/wp-content\/uploads\/2021\/11\/original-prusa-i3-mk3-multi-material-aggiornamento-150x150.jpg 150w, https:\/\/www.fablab-neckar-alb.org\/wp-content\/uploads\/2021\/11\/original-prusa-i3-mk3-multi-material-aggiornamento-768x768.jpg 768w, https:\/\/www.fablab-neckar-alb.org\/wp-content\/uploads\/2021\/11\/original-prusa-i3-mk3-multi-material-aggiornamento.jpg 800w\" sizes=\"(max-width: 300px) 100vw, 300px\" \/><\/a><\/p>\n<ul>\n<li>vier Prusa i3 MK3s:\n<ul>\n<li>Druckobjekte k\u00f6nnen \u00fcber eine SD-Karte gedruckt werden.<\/li>\n<li>FDM-Technik, Volumen: <b>25 x 21 x 21 cm<\/b><\/li>\n<li>verschiedenste Filamente druckbar<\/li>\n<li><a href=\"https:\/\/www.prusa3d.de\/original-prusa-i3-mk3-ger\/\">mehr Infos<\/a><\/li>\n<\/ul>\n<\/li>\n<li>Creality CR10S mit 30 x 30 x 40 cm Volumen.<\/li>\n<li><strong>Neu: Creality Raptor 3D-Scanner<\/strong><\/li>\n<\/ul>\n<\/div>\n<div class=\"clear\">\n<h2>Fahrradwerkstatt<\/h2>\n<ul>\n<li>2 Montagest\u00e4nder<\/li>\n<li>Zentrierst\u00e4nder<\/li>\n<li>Werkzeuge f\u00fcr alle \u00fcblichen Reparaturen<\/li>\n<li>Ersatzteile wie Schl\u00e4uche, Bremskl\u00f6tze, Brems- und Schaltz\u00fcge und -h\u00fcllen (gegen Erstattung)<\/li>\n<\/ul>\n<\/div>\n<h2>N\u00e4hwerkstatt<\/h2>\n<ul>\n<li>N\u00e4hmaschinen, auch Overlock<\/li>\n<li><strong>Neu: Transferpresse<\/strong><\/li>\n<li>Siebtransfermaschine<\/li>\n<\/ul>\n<div class=\"clear\">\u00a0<\/div>\n<div class=\"clear\">\n<h1>Kellerwerkst\u00e4tten:<\/h1>\n<h2>Radium Laser Model 1390<\/h2>\n<div class=\"device\"><a href=\"https:\/\/www.fablab-neckar-alb.org\/wp-content\/uploads\/2015\/06\/Laser1920.png\"><img decoding=\"async\" class=\"alignnone size-medium wp-image-509 \" src=\"https:\/\/www.fablab-neckar-alb.org\/wp-content\/uploads\/2015\/06\/Laser1920-300x200.png\" alt=\"Laser1920\" width=\"300\" height=\"200\" srcset=\"https:\/\/www.fablab-neckar-alb.org\/wp-content\/uploads\/2015\/06\/Laser1920-300x200.png 300w, https:\/\/www.fablab-neckar-alb.org\/wp-content\/uploads\/2015\/06\/Laser1920-1024x683.png 1024w, https:\/\/www.fablab-neckar-alb.org\/wp-content\/uploads\/2015\/06\/Laser1920.png 1920w\" sizes=\"(max-width: 300px) 100vw, 300px\" \/><\/a><\/div>\n<div class=\"describer\">\n<h3>Kenndaten<\/h3>\n<ul>\n<li>100W &#8211; CO<sub>2<\/sub>-Laser der Laser Klasse 1<\/li>\n<li>Schneidet Plexiglas und Sperrholz (bis ca 8 mm), graviert zus\u00e4tzlich auch Metall<\/li>\n<\/ul>\n<\/div>\n<\/div>\n<div class=\"clear\">\u00a0<\/div>\n<div class=\"clear\">\n<h2>Elektronikbereich<\/h2>\n<ul>\n<li>gro\u00dfes Sortiment elektronischer Bauteile<\/li>\n<li>L\u00f6tkolben mit Abluft, Multimeter, Oszilloskop<\/li>\n<li>Rework-Station \/ Hei\u00dfluft<\/li>\n<li>gro\u00dfes Sortiment f\u00fcr Arduino-Projekte<\/li>\n<\/ul>\n<\/div>\n<div class=\"clear\">\n<h2>Holzwerkstatt<\/h2>\n<ul>\n<li>Tischkreiss\u00e4ge<\/li>\n<li>Hobelmaschine<\/li>\n<li>Bandschleifer \/ Kantenschleifer<\/li>\n<li>Bands\u00e4ge<\/li>\n<li>Kapps\u00e4ge<\/li>\n<li><strong>Neu: Drechselbank<\/strong><\/li>\n<li>Standbohrmaschine<\/li>\n<li>Dekupiers\u00e4ge<\/li>\n<li>Kompressor<\/li>\n<li>diverse Handmaschinen und -werkzeuge<\/li>\n<\/ul>\n<h2>Metallwerkstatt<\/h2>\n<ul>\n<li>Schwei\u00dfger\u00e4te WIG &amp; MAG mit Absaugung<\/li>\n<li>Drehbank (Optimum 2304V)<\/li>\n<li>Fr\u00e4se (Optimum OPTImill BF 20LVario)<\/li>\n<li>Messerschleifmaschine Tormek<\/li>\n<li>Abkantvorrichtung, Biegeger\u00e4t<\/li>\n<li>S\u00e4ulenbohrmaschine, gro\u00dfe B\u00fcgels\u00e4ge<\/li>\n<li>Handwerkzeuge<\/li>\n<li>Drehbank und Fr\u00e4se<\/li>\n<\/ul>\n<\/div>\n<div class=\"clear\">\n<h2>Weitere Ger\u00e4te<\/h2>\n<ul>\n<li><a href=\"https:\/\/www.fablab-neckar-alb.org\/?page_id=763\">CNC Fr\u00e4se<\/a><\/li>\n<\/ul>\n<\/div>\n\n\n<p>Eine kurze, digitale F\u00fchrung durch unsere oberen R\u00e4ume seht ihr in folgendem Video. Der erste Raum ist unser Sozial- und Workshopraum, im Flur gibt es eine kleine K\u00fcche, dann folgt der Raum f\u00fcr die Textilwerkstatt und abschlie\u00dfend sehen wir noch den Coworkingraum.<\/p>\n\n\n\n<figure class=\"wp-block-embed is-type-video is-provider-youtube wp-block-embed-youtube wp-embed-aspect-16-9 wp-has-aspect-ratio\"><div class=\"wp-block-embed__wrapper\">\n<p class=\"responsive-video-wrap clr\"><iframe title=\"FabLab NeckarAlb. T\u00fcbingen\" width=\"1200\" height=\"675\" src=\"https:\/\/www.youtube.com\/embed\/JdJVolLQOqA?feature=oembed\" frameborder=\"0\" allow=\"accelerometer; autoplay; clipboard-write; encrypted-media; gyroscope; picture-in-picture; web-share\" referrerpolicy=\"strict-origin-when-cross-origin\" allowfullscreen><\/iframe><\/p>\n<\/div><\/figure>","protected":false},"excerpt":{"rendered":"<p>Sorry, this entry is only available in Deutsch. For the sake of viewer convenience, the content is shown below in the alternative language. You may click the link to switch [&hellip;]<\/p>\n","protected":false},"author":11,"featured_media":0,"parent":22,"menu_order":0,"comment_status":"closed","ping_status":"closed","template":"","meta":{"ocean_post_layout":"","ocean_both_sidebars_style":"","ocean_both_sidebars_content_width":0,"ocean_both_sidebars_sidebars_width":0,"ocean_sidebar":"0","ocean_second_sidebar":"0","ocean_disable_margins":"enable","ocean_add_body_class":"","ocean_shortcode_before_top_bar":"","ocean_shortcode_after_top_bar":"","ocean_shortcode_before_header":"","ocean_shortcode_after_header":"","ocean_has_shortcode":"","ocean_shortcode_after_title":"","ocean_shortcode_before_footer_widgets":"","ocean_shortcode_after_footer_widgets":"","ocean_shortcode_before_footer_bottom":"","ocean_shortcode_after_footer_bottom":"","ocean_display_top_bar":"default","ocean_display_header":"default","ocean_header_style":"","ocean_center_header_left_menu":"0","ocean_custom_header_template":"0","ocean_custom_logo":0,"ocean_custom_retina_logo":0,"ocean_custom_logo_max_width":0,"ocean_custom_logo_tablet_max_width":0,"ocean_custom_logo_mobile_max_width":0,"ocean_custom_logo_max_height":0,"ocean_custom_logo_tablet_max_height":0,"ocean_custom_logo_mobile_max_height":0,"ocean_header_custom_menu":"0","ocean_menu_typo_font_family":"0","ocean_menu_typo_font_subset":"","ocean_menu_typo_font_size":0,"ocean_menu_typo_font_size_tablet":0,"ocean_menu_typo_font_size_mobile":0,"ocean_menu_typo_font_size_unit":"px","ocean_menu_typo_font_weight":"","ocean_menu_typo_font_weight_tablet":"","ocean_menu_typo_font_weight_mobile":"","ocean_menu_typo_transform":"","ocean_menu_typo_transform_tablet":"","ocean_menu_typo_transform_mobile":"","ocean_menu_typo_line_height":0,"ocean_menu_typo_line_height_tablet":0,"ocean_menu_typo_line_height_mobile":0,"ocean_menu_typo_line_height_unit":"","ocean_menu_typo_spacing":0,"ocean_menu_typo_spacing_tablet":0,"ocean_menu_typo_spacing_mobile":0,"ocean_menu_typo_spacing_unit":"","ocean_menu_link_color":"","ocean_menu_link_color_hover":"","ocean_menu_link_color_active":"","ocean_menu_link_background":"","ocean_menu_link_hover_background":"","ocean_menu_link_active_background":"","ocean_menu_social_links_bg":"","ocean_menu_social_hover_links_bg":"","ocean_menu_social_links_color":"","ocean_menu_social_hover_links_color":"","ocean_disable_title":"default","ocean_disable_heading":"default","ocean_post_title":"","ocean_post_subheading":"","ocean_post_title_style":"","ocean_post_title_background_color":"","ocean_post_title_background":0,"ocean_post_title_bg_image_position":"","ocean_post_title_bg_image_attachment":"","ocean_post_title_bg_image_repeat":"","ocean_post_title_bg_image_size":"","ocean_post_title_height":0,"ocean_post_title_bg_overlay":0.5,"ocean_post_title_bg_overlay_color":"","ocean_disable_breadcrumbs":"default","ocean_breadcrumbs_color":"","ocean_breadcrumbs_separator_color":"","ocean_breadcrumbs_links_color":"","ocean_breadcrumbs_links_hover_color":"","ocean_display_footer_widgets":"default","ocean_display_footer_bottom":"default","ocean_custom_footer_template":"0","footnotes":""},"class_list":["post-240","page","type-page","status-publish","hentry","entry"],"_links":{"self":[{"href":"https:\/\/www.fablab-neckar-alb.org\/en\/wp-json\/wp\/v2\/pages\/240","targetHints":{"allow":["GET"]}}],"collection":[{"href":"https:\/\/www.fablab-neckar-alb.org\/en\/wp-json\/wp\/v2\/pages"}],"about":[{"href":"https:\/\/www.fablab-neckar-alb.org\/en\/wp-json\/wp\/v2\/types\/page"}],"author":[{"embeddable":true,"href":"https:\/\/www.fablab-neckar-alb.org\/en\/wp-json\/wp\/v2\/users\/11"}],"replies":[{"embeddable":true,"href":"https:\/\/www.fablab-neckar-alb.org\/en\/wp-json\/wp\/v2\/comments?post=240"}],"version-history":[{"count":2,"href":"https:\/\/www.fablab-neckar-alb.org\/en\/wp-json\/wp\/v2\/pages\/240\/revisions"}],"predecessor-version":[{"id":7509,"href":"https:\/\/www.fablab-neckar-alb.org\/en\/wp-json\/wp\/v2\/pages\/240\/revisions\/7509"}],"up":[{"embeddable":true,"href":"https:\/\/www.fablab-neckar-alb.org\/en\/wp-json\/wp\/v2\/pages\/22"}],"wp:attachment":[{"href":"https:\/\/www.fablab-neckar-alb.org\/en\/wp-json\/wp\/v2\/media?parent=240"}],"curies":[{"name":"wp","href":"https:\/\/api.w.org\/{rel}","templated":true}]}}