{"id":4692,"date":"2018-05-10T20:03:49","date_gmt":"2018-05-10T18:03:49","guid":{"rendered":"https:\/\/www.fablab-neckar-alb.org\/?page_id=4692"},"modified":"2018-05-10T20:33:55","modified_gmt":"2018-05-10T18:33:55","slug":"datenverarbeitungsrichtlinie","status":"publish","type":"page","link":"https:\/\/www.fablab-neckar-alb.org\/en\/datenverarbeitungsrichtlinie\/","title":{"rendered":"Datenverarbeitungsrichtlinie"},"content":{"rendered":"<p class=\"qtranxs-available-languages-message qtranxs-available-languages-message-en\">Sorry, this entry is only available in <a href=\"https:\/\/www.fablab-neckar-alb.org\/de\/wp-json\/wp\/v2\/pages\/4692\" class=\"qtranxs-available-language-link qtranxs-available-language-link-de\" title=\"Deutsch\">Deutsch<\/a>. For the sake of viewer convenience, the content is shown below in the alternative language. You may click the link to switch the active language.<\/p><p><\/p>\n<h1>Datenverarbeitungsrichtlinie des FabLab-Neckar Alb e.V.<\/h1>\n<h1>\u00a7 1 Grundsatz<\/h1>\n<p>(1) Die Datenverarbeitungsrichtlinie ist nicht Bestandteil der Satzung.<\/p>\n<p>(2) Die Datenverarbeitungsrichtline regelt die Verarbeitung von personenbezogenen Daten.<\/p>\n<p>(3) Sie kann vom Vorstand des Vereins ge\u00e4ndert werden.<\/p>\n<h1>\u00a7 2 Rechtsgrundlage<\/h1>\n<p>(1) Rechtsgrundlage f\u00fcr die Verarbeitung personenbezogener Daten ist ab dem 25. Mai 2018 die DS-GVO (mitsamt ihren \u201eErw\u00e4gungsgr\u00fcnden\u201c) und das BDSG-neu.<\/p>\n<h1>\u00a7 3 Verantwortlich<\/h1>\n<p>(1) Verantwortlich im Sinne des Art. 4 Nr. 7 DS-GVO ist der Vorstand.<\/p>\n<p>(2) Sofern personenbezogene Daten von Paten oder Mitglieder regelm\u00e4\u00dfig verarbeitet werden, dann sind diese f\u00fcr die Einhaltung der Regeln aus dieser Richtlinie verantwortlich.<\/p>\n<p>(3) Die Zust\u00e4ndigkeiten sind im Verzeichnis von Verarbeitungst\u00e4tigkeiten aufgef\u00fchrt.<\/p>\n<h1>\u00a7 4 Rechtm\u00e4\u00dfigkeit der Datenverarbeitung<\/h1>\n<p>(1) Die Rechtm\u00e4\u00dfigkeit der Datenverarbeitung beruht auf dem Art. 6 DS-GVO (1)(b).<\/p>\n<p>Die Verarbeitung ist nur rechtm\u00e4\u00dfig, wenn mindestens eine der nachstehenden Bedingungen erf\u00fcllt ist:<\/p>\n<p>\u2026<\/p>\n<p>(b) die Verarbeitung ist f\u00fcr die Erf\u00fcllung eines Vertrags, dessen Vertragspartei die betroffene Person ist, oder zur Durchf\u00fchrung vorvertraglicher Ma\u00dfnahmen erforderlich, die auf Anfrage der betroffenen Person erfolgen;<\/p>\n<p>\u2026<\/p>\n<p>Nach \u00a7 28 ist das Erheben, Speichern, Ver\u00e4ndern oder \u00dcbermitteln personenbezogener Daten oder ihre Nutzung als Mittel f\u00fcr die Erf\u00fcllung eigener Gesch\u00e4ftszwecke zul\u00e4ssig, wenn es f\u00fcr die Begr\u00fcndung, Durchf\u00fchrung oder Beendigung eines rechtsgesch\u00e4ftlichen oder rechtsgesch\u00e4fts\u00e4hnlichen Schuldverh\u00e4ltnisses erforderlich ist.<\/p>\n<p>(2) In unserem Fall erheben, speichern und verarbeiten wir nur Daten, die zur Erf\u00fcllung der in der Satzung definierten Ziele und f\u00fcr Verwaltungst\u00e4tigkeiten erforderlich sind.<\/p>\n<p>(3) Es ist keine Einwilligung der Betroffenen erforderlich.<\/p>\n<h1>\u00a7 5 Rechte der Betroffenen<\/h1>\n<p>(1) Der\/Die Verantwortliche hat die Gew\u00e4hrleistung der in Kapitel 3 der DS-GVO aufgef\u00fchrten Betroffenenrechte (Informationspflichten, Auskunftsanspr\u00fcche, Recht auf L\u00f6schung und Berichtigung, Recht auf Einschr\u00e4nkung der Verarbeitung, Recht auf Daten\u00fcbertragbarkeit, Widerspruchsrecht) sicherzustellen.<\/p>\n<h2>\u00a7 5.1 Informationspflichten<\/h2>\n<p>(1) F\u00fcr neue Mitglieder wird die Informationspflicht \u00fcber das neue elektronische Mitgliedsformular umgesetzt. Das neue Mitglied best\u00e4tigt durch setzen eines \u201eH\u00e4kchens\u201c die Kenntnisnahme.<\/p>\n<p>(2) F\u00fcr bestehende Mitglieder wird dies \u00fcbersichtlich im \u201eVerzeichnis von Verarbeitungst\u00e4tigkeiten\u201c aufgef\u00fchrt.<\/p>\n<p>(3) Fragen k\u00f6nnen immer an &#x56;&#x6f;&#x72;&#x73;&#x74;&#x61;&#x6e;&#x64;&#x40;<span class=\"oe_displaynone\">null<\/span>&#x66;&#x61;&#x62;&#x6c;&#x61;&#x62;&#x2d;&#x6e;&#x65;&#x63;&#x6b;&#x61;&#x72;&#x2d;&#x61;&#x6c;&#x62;&#x2e;&#x6f;&#x72;&#x67; richten.<\/p>\n<h2>\u00a7 5.2 Auskunftspflicht<\/h2>\n<p>(1) Jedes Mitglied hat das Recht Auskunft zu seinen Daten zu erhalten.<\/p>\n<p>(2) Dazu bitte eine schriftliche Anfrage an &#x56;&#x6f;&#x72;&#x73;&#x74;&#x61;&#x6e;&#x64;&#x40;<span class=\"oe_displaynone\">null<\/span>&#x66;&#x61;&#x62;&#x6c;&#x61;&#x62;&#x2d;&#x6e;&#x65;&#x63;&#x6b;&#x61;&#x72;&#x2d;&#x61;&#x6c;&#x62;&#x2e;&#x6f;&#x72;&#x67; richten.<\/p>\n<h2>\u00a7 5.3 Recht auf L\u00f6schung und Berichtigung<\/h2>\n<p>(1) Jedes Mitglied kann seine Daten im Wiki selber l\u00f6schen oder berichtigen.<\/p>\n<p>(2) Dazu ist keine R\u00fccksprache mit dem Verantwortlichen erforderlich. Bitte nur eigenen Daten \u00e4ndern.<\/p>\n<p>(3) F\u00fcr die Daten, die zur Verwaltungst\u00e4tigkeit genutzt werden gelten entsprechende gesetzliche Aufbewahrungspflichten.<\/p>\n<h2>\u00a7 5.4 Recht auf Einschr\u00e4nkung der Verarbeitung<\/h2>\n<p>(1) Jedes Mitglied kann die Verwendung einschr\u00e4nken.<\/p>\n<p>(2) Dazu bitte Kontakt mit &#x56;&#x6f;&#x72;&#x73;&#x74;&#x61;&#x6e;&#x64;&#x40;<span class=\"oe_displaynone\">null<\/span>&#x66;&#x61;&#x62;&#x6c;&#x61;&#x62;&#x2d;&#x6e;&#x65;&#x63;&#x6b;&#x61;&#x72;&#x2d;&#x61;&#x6c;&#x62;&#x2e;&#x6f;&#x72;&#x67; aufnehmen.<\/p>\n<h2>\u00a7 5.5 Recht auf Daten\u00fcbertragbarkeit<\/h2>\n<p>(1) Jedes Mitglied hat das Recht, eine Anfrage auf Daten\u00fcbertragung an &#x56;&#x6f;&#x72;&#x73;&#x74;&#x61;&#x6e;&#x64;&#x40;<span class=\"oe_displaynone\">null<\/span>&#x66;&#x61;&#x62;&#x6c;&#x61;&#x62;&#x2d;&#x6e;&#x65;&#x63;&#x6b;&#x61;&#x72;&#x2d;&#x61;&#x6c;&#x62;&#x2e;&#x6f;&#x72;&#x67; zu richten.<\/p>\n<p>(2) In der Anfrage sind die Daten und der Empf\u00e4nger, sowie eine Einwilligung zur \u00dcbertragung beizuf\u00fcgen.<\/p>\n<h2>\u00a7 5.6 Widerspruchsrecht<\/h2>\n<p>(1) Jedes Mitglied hat ein jederzeitiges Widerspruchsrecht.<\/p>\n<p>(2) Dies kann schriftlich an &#x56;&#x6f;&#x72;&#x73;&#x74;&#x61;&#x6e;&#x64;&#x40;<span class=\"oe_displaynone\">null<\/span>&#x66;&#x61;&#x62;&#x6c;&#x61;&#x62;&#x2d;&#x6e;&#x65;&#x63;&#x6b;&#x61;&#x72;&#x2d;&#x61;&#x6c;&#x62;&#x2e;&#x6f;&#x72;&#x67; eingefordert werden.<\/p>\n<p>(3) Der Widerspruch kann f\u00fcr folgende Punkte ausgesprochen werden:<\/p>\n<p>Nutzung zu vereinsinternen Spenden und Werbezwecke<br \/>\nMailingliste des FabLab Neckar-Alb e. V.<\/p>\n<h1>\u00a7 6 Meldepflicht und Dokumentationspflicht<\/h1>\n<p>(1) Der Verein unterliegt einer Meldepflicht und Dokumentationspflicht.<\/p>\n<p>(2) Konkret bedeutet dies:<\/p>\n<p>Im Falle einer Verletzung des Schutzes personenbezogener Daten (Vorfall) meldet der Verantwortliche oder der, dem die Verletzung auff\u00e4llt, dies unverz\u00fcglich und m\u00f6glichst binnen 72 Stunden nachdem ihm die Verletzung bekannt wurde an den Vorstand &#x56;&#x6f;&#x72;&#x73;&#x74;&#x61;&#x6e;&#x64;&#x40;<span class=\"oe_displaynone\">null<\/span>&#x66;&#x61;&#x62;&#x6c;&#x61;&#x62;&#x2d;&#x6e;&#x65;&#x63;&#x6b;&#x61;&#x72;&#x2d;&#x61;&#x6c;&#x62;&#x2e;&#x6f;&#x72;&#x67;.<\/p>\n<h2>\u00a7 6.1 Dokumentationspflicht<\/h2>\n<p>(1) Der Vorstand hat die Aufgabe, Vorf\u00e4lle zu dokumentieren und sofern m\u00f6glich Ma\u00dfnahmen zur Abmilderung von m\u00f6glichen Nachteilen einzuleiten.<\/p>\n<p>(2) Die Dokumentation ist in geeigneter Art und Weise zu f\u00fchren.<\/p>\n<p>(3) Diese Dokumentation erm\u00f6glicht der Aufsichtsbeh\u00f6rde die \u00dcberpr\u00fcfung der Einhaltung der Bestimmungen dieses Artikels.<\/p>\n<p>(4) Bestandteile der Dokumentation von Vorf\u00e4llen:<\/p>\n<ul>\n<li>Beschreibung der Art der Verletzung<\/li>\n<li>ungef\u00e4hre Zahl der betroffenen Personen \/ Anzahl Datens\u00e4tze<\/li>\n<li>betroffene Kategorien<\/li>\n<li>Kontaktdaten<\/li>\n<li>Beschreibung der wahrscheinlichen Folgen der Verletzung<\/li>\n<li>Beschreibung der von dem Verantwortlichen ergriffenen oder vorgeschlagenen\u00a0 Ma\u00dfnahmen zur Behebung der Verletzung<\/li>\n<li>Ma\u00dfnahmen zur Abmilderung der m\u00f6glichen nachteiligen Auswirkungen.<\/li>\n<li>\u00a7 7 Meldepflicht<\/li>\n<\/ul>\n<p>(1) Gem\u00e4\u00df Artikel 55 sind Vorf\u00e4lle der zust\u00e4ndigen Aufsichtsbeh\u00f6rde zu melden, es sei denn, dass die Verletzung des Schutzes personenbezogener Daten voraussichtlich nicht zu einem Risiko f\u00fcr die Rechte und Freiheiten nat\u00fcrlicher Personen f\u00fchrt.<\/p>\n<p>(2) Erfolgt die Meldung an die Aufsichtsbeh\u00f6rde nicht binnen 72 Stunden, so ist ihr eine Begr\u00fcndung f\u00fcr die Verz\u00f6gerung beizuf\u00fcgen.<\/p>\n<p>(3) F\u00fcr die Bewertung und Meldung ist der Vorstand verantwortlich.<\/p>\n<h1>\u00a7 8 Weitere Richtlinien und Hinweise<\/h1>\n<h2>\u00a7 8.1 Grundsatz im Umgang mit Bildern:<\/h2>\n<p>(1) Erforderlich ist die Erlaubnis des Fotografen bzw. Urhebers, sein Bild verwenden und ver\u00f6ffentlichen zu d\u00fcrfen.<\/p>\n<p>(2) Bei Fotos oder Filmen von Personen ist die grunds\u00e4tzlich Erlaubnis der abgebildeten Person f\u00fcr die Ver\u00f6ffentlichung einzuholen.<\/p>\n<p>(3) Verantwortlich f\u00fcr die Einwilligung ist der Autor des Beitrags.<\/p>\n<h2>\u00a7 8.2 Ver\u00f6ffentlichungen auf anderen Plattformen durch Mitglieder<\/h2>\n<p>(1) F\u00fcr Ver\u00f6ffentlichungen durch Mitglieder auf anderen Plattformen (facebook, google, twitter, etc.) ist der Verein nicht verantwortlich, auch wenn diese Beitr\u00e4ge den Verein angeben.<\/p>\n<p>(2) F\u00fcr offizielle Ver\u00f6ffentlichungen bedarf es der schriftlichen Freigabe des Vorstands.<\/p>\n<h2>\u00a7 8.2 Daten\u00fcbertragung im Internet<\/h2>\n<p>(1) Wir weisen darauf hin, dass die Daten\u00fcbertragung im Internet (z.B. bei der Kommunikation per E-Mail) Sicherheitsl\u00fccken aufweisen kann. Ein l\u00fcckenloser Schutz der Daten vor dem Zugriff durch Dritte ist nicht m\u00f6glich.<\/p>","protected":false},"excerpt":{"rendered":"<p>Sorry, this entry is only available in Deutsch. For the sake of viewer convenience, the content is shown below in the alternative language. You may click the link to switch [&hellip;]<\/p>\n","protected":false},"author":16,"featured_media":0,"parent":0,"menu_order":0,"comment_status":"closed","ping_status":"closed","template":"","meta":{"ocean_post_layout":"","ocean_both_sidebars_style":"","ocean_both_sidebars_content_width":0,"ocean_both_sidebars_sidebars_width":0,"ocean_sidebar":"","ocean_second_sidebar":"","ocean_disable_margins":"enable","ocean_add_body_class":"","ocean_shortcode_before_top_bar":"","ocean_shortcode_after_top_bar":"","ocean_shortcode_before_header":"","ocean_shortcode_after_header":"","ocean_has_shortcode":"","ocean_shortcode_after_title":"","ocean_shortcode_before_footer_widgets":"","ocean_shortcode_after_footer_widgets":"","ocean_shortcode_before_footer_bottom":"","ocean_shortcode_after_footer_bottom":"","ocean_display_top_bar":"default","ocean_display_header":"default","ocean_header_style":"","ocean_center_header_left_menu":"","ocean_custom_header_template":"","ocean_custom_logo":0,"ocean_custom_retina_logo":0,"ocean_custom_logo_max_width":0,"ocean_custom_logo_tablet_max_width":0,"ocean_custom_logo_mobile_max_width":0,"ocean_custom_logo_max_height":0,"ocean_custom_logo_tablet_max_height":0,"ocean_custom_logo_mobile_max_height":0,"ocean_header_custom_menu":"","ocean_menu_typo_font_family":"","ocean_menu_typo_font_subset":"","ocean_menu_typo_font_size":0,"ocean_menu_typo_font_size_tablet":0,"ocean_menu_typo_font_size_mobile":0,"ocean_menu_typo_font_size_unit":"px","ocean_menu_typo_font_weight":"","ocean_menu_typo_font_weight_tablet":"","ocean_menu_typo_font_weight_mobile":"","ocean_menu_typo_transform":"","ocean_menu_typo_transform_tablet":"","ocean_menu_typo_transform_mobile":"","ocean_menu_typo_line_height":0,"ocean_menu_typo_line_height_tablet":0,"ocean_menu_typo_line_height_mobile":0,"ocean_menu_typo_line_height_unit":"","ocean_menu_typo_spacing":0,"ocean_menu_typo_spacing_tablet":0,"ocean_menu_typo_spacing_mobile":0,"ocean_menu_typo_spacing_unit":"","ocean_menu_link_color":"","ocean_menu_link_color_hover":"","ocean_menu_link_color_active":"","ocean_menu_link_background":"","ocean_menu_link_hover_background":"","ocean_menu_link_active_background":"","ocean_menu_social_links_bg":"","ocean_menu_social_hover_links_bg":"","ocean_menu_social_links_color":"","ocean_menu_social_hover_links_color":"","ocean_disable_title":"default","ocean_disable_heading":"default","ocean_post_title":"","ocean_post_subheading":"","ocean_post_title_style":"","ocean_post_title_background_color":"","ocean_post_title_background":0,"ocean_post_title_bg_image_position":"","ocean_post_title_bg_image_attachment":"","ocean_post_title_bg_image_repeat":"","ocean_post_title_bg_image_size":"","ocean_post_title_height":0,"ocean_post_title_bg_overlay":0.5,"ocean_post_title_bg_overlay_color":"","ocean_disable_breadcrumbs":"default","ocean_breadcrumbs_color":"","ocean_breadcrumbs_separator_color":"","ocean_breadcrumbs_links_color":"","ocean_breadcrumbs_links_hover_color":"","ocean_display_footer_widgets":"default","ocean_display_footer_bottom":"default","ocean_custom_footer_template":"","footnotes":""},"class_list":["post-4692","page","type-page","status-publish","hentry","entry"],"_links":{"self":[{"href":"https:\/\/www.fablab-neckar-alb.org\/en\/wp-json\/wp\/v2\/pages\/4692","targetHints":{"allow":["GET"]}}],"collection":[{"href":"https:\/\/www.fablab-neckar-alb.org\/en\/wp-json\/wp\/v2\/pages"}],"about":[{"href":"https:\/\/www.fablab-neckar-alb.org\/en\/wp-json\/wp\/v2\/types\/page"}],"author":[{"embeddable":true,"href":"https:\/\/www.fablab-neckar-alb.org\/en\/wp-json\/wp\/v2\/users\/16"}],"replies":[{"embeddable":true,"href":"https:\/\/www.fablab-neckar-alb.org\/en\/wp-json\/wp\/v2\/comments?post=4692"}],"version-history":[{"count":0,"href":"https:\/\/www.fablab-neckar-alb.org\/en\/wp-json\/wp\/v2\/pages\/4692\/revisions"}],"wp:attachment":[{"href":"https:\/\/www.fablab-neckar-alb.org\/en\/wp-json\/wp\/v2\/media?parent=4692"}],"curies":[{"name":"wp","href":"https:\/\/api.w.org\/{rel}","templated":true}]}}