{"id":6581,"date":"2023-06-30T18:09:01","date_gmt":"2023-06-30T16:09:01","guid":{"rendered":"https:\/\/www.fablab-neckar-alb.org\/?page_id=6581"},"modified":"2023-06-30T18:19:14","modified_gmt":"2023-06-30T16:19:14","slug":"zugang-fur-institutionen","status":"publish","type":"page","link":"https:\/\/www.fablab-neckar-alb.org\/en\/fablab-was-ist-das-eigentlich\/zugang-fur-institutionen\/","title":{"rendered":"Zugang f\u00fcr Institutionen"},"content":{"rendered":"<p>Seit Juni 2023 \u00f6ffnen wir unsere Werkstatt und unseren Seminarraum nicht nur f\u00fcr Vereinsmitglieder, sondern auch f\u00fcr Institutionen, wie Vereine, Bildungseinrichtungen, Unternehmen, &#8230;.<\/p>\n\n\n\n<p>Institutionen haben die M\u00f6glichkeit, entweder einmalig oder regelm\u00e4\u00dfig zu festgelegten Zeiten an einem bestimmten Wochentag unsere R\u00e4umlichkeiten und Ger\u00e4te zu nutzen. Wir f\u00f6rdern dabei insbesondere Institutionen, die mit unserem Vereinszweck (s. Satzung) \u00fcbereinstimmen oder sich anderweitig gemeinn\u00fctzig engagieren.<\/p>\n\n\n\n<p>Wenn ihr zu einer Institution geh\u00f6ren, die unsere Werkstatt oder unseren Seminarraum nutzen m\u00f6chte oder gerne erstmal eine F\u00fchrung h\u00e4tte, kontaktiert uns gerne unter &#x69;&#x6e;&#x66;&#x6f;&#x40;<span class=\"oe_displaynone\">null<\/span>&#x66;&#x61;&#x62;&#x6c;&#x61;&#x62;&#x2d;&#x6e;&#x65;&#x63;&#x6b;&#x61;&#x72;&#x2d;&#x61;&#x6c;&#x62;&#x2e;&#x6f;&#x72;&#x67;.<\/p>","protected":false},"excerpt":{"rendered":"<p>Seit Juni 2023 \u00f6ffnen wir unsere Werkstatt und unseren Seminarraum nicht nur f\u00fcr Vereinsmitglieder, sondern auch f\u00fcr Institutionen, wie Vereine, Bildungseinrichtungen, Unternehmen, &#8230;. Institutionen haben die M\u00f6glichkeit, entweder einmalig oder [&hellip;]<\/p>\n","protected":false},"author":29,"featured_media":0,"parent":22,"menu_order":0,"comment_status":"closed","ping_status":"closed","template":"","meta":{"ocean_post_layout":"","ocean_both_sidebars_style":"","ocean_both_sidebars_content_width":0,"ocean_both_sidebars_sidebars_width":0,"ocean_sidebar":"","ocean_second_sidebar":"","ocean_disable_margins":"enable","ocean_add_body_class":"","ocean_shortcode_before_top_bar":"","ocean_shortcode_after_top_bar":"","ocean_shortcode_before_header":"","ocean_shortcode_after_header":"","ocean_has_shortcode":"","ocean_shortcode_after_title":"","ocean_shortcode_before_footer_widgets":"","ocean_shortcode_after_footer_widgets":"","ocean_shortcode_before_footer_bottom":"","ocean_shortcode_after_footer_bottom":"","ocean_display_top_bar":"default","ocean_display_header":"default","ocean_header_style":"","ocean_center_header_left_menu":"","ocean_custom_header_template":"","ocean_custom_logo":0,"ocean_custom_retina_logo":0,"ocean_custom_logo_max_width":0,"ocean_custom_logo_tablet_max_width":0,"ocean_custom_logo_mobile_max_width":0,"ocean_custom_logo_max_height":0,"ocean_custom_logo_tablet_max_height":0,"ocean_custom_logo_mobile_max_height":0,"ocean_header_custom_menu":"","ocean_menu_typo_font_family":"","ocean_menu_typo_font_subset":"","ocean_menu_typo_font_size":0,"ocean_menu_typo_font_size_tablet":0,"ocean_menu_typo_font_size_mobile":0,"ocean_menu_typo_font_size_unit":"px","ocean_menu_typo_font_weight":"","ocean_menu_typo_font_weight_tablet":"","ocean_menu_typo_font_weight_mobile":"","ocean_menu_typo_transform":"","ocean_menu_typo_transform_tablet":"","ocean_menu_typo_transform_mobile":"","ocean_menu_typo_line_height":0,"ocean_menu_typo_line_height_tablet":0,"ocean_menu_typo_line_height_mobile":0,"ocean_menu_typo_line_height_unit":"","ocean_menu_typo_spacing":0,"ocean_menu_typo_spacing_tablet":0,"ocean_menu_typo_spacing_mobile":0,"ocean_menu_typo_spacing_unit":"","ocean_menu_link_color":"","ocean_menu_link_color_hover":"","ocean_menu_link_color_active":"","ocean_menu_link_background":"","ocean_menu_link_hover_background":"","ocean_menu_link_active_background":"","ocean_menu_social_links_bg":"","ocean_menu_social_hover_links_bg":"","ocean_menu_social_links_color":"","ocean_menu_social_hover_links_color":"","ocean_disable_title":"default","ocean_disable_heading":"default","ocean_post_title":"","ocean_post_subheading":"","ocean_post_title_style":"","ocean_post_title_background_color":"","ocean_post_title_background":0,"ocean_post_title_bg_image_position":"","ocean_post_title_bg_image_attachment":"","ocean_post_title_bg_image_repeat":"","ocean_post_title_bg_image_size":"","ocean_post_title_height":0,"ocean_post_title_bg_overlay":0.5,"ocean_post_title_bg_overlay_color":"","ocean_disable_breadcrumbs":"default","ocean_breadcrumbs_color":"","ocean_breadcrumbs_separator_color":"","ocean_breadcrumbs_links_color":"","ocean_breadcrumbs_links_hover_color":"","ocean_display_footer_widgets":"default","ocean_display_footer_bottom":"default","ocean_custom_footer_template":"","footnotes":""},"class_list":["post-6581","page","type-page","status-publish","hentry","entry"],"_links":{"self":[{"href":"https:\/\/www.fablab-neckar-alb.org\/en\/wp-json\/wp\/v2\/pages\/6581","targetHints":{"allow":["GET"]}}],"collection":[{"href":"https:\/\/www.fablab-neckar-alb.org\/en\/wp-json\/wp\/v2\/pages"}],"about":[{"href":"https:\/\/www.fablab-neckar-alb.org\/en\/wp-json\/wp\/v2\/types\/page"}],"author":[{"embeddable":true,"href":"https:\/\/www.fablab-neckar-alb.org\/en\/wp-json\/wp\/v2\/users\/29"}],"replies":[{"embeddable":true,"href":"https:\/\/www.fablab-neckar-alb.org\/en\/wp-json\/wp\/v2\/comments?post=6581"}],"version-history":[{"count":0,"href":"https:\/\/www.fablab-neckar-alb.org\/en\/wp-json\/wp\/v2\/pages\/6581\/revisions"}],"up":[{"embeddable":true,"href":"https:\/\/www.fablab-neckar-alb.org\/en\/wp-json\/wp\/v2\/pages\/22"}],"wp:attachment":[{"href":"https:\/\/www.fablab-neckar-alb.org\/en\/wp-json\/wp\/v2\/media?parent=6581"}],"curies":[{"name":"wp","href":"https:\/\/api.w.org\/{rel}","templated":true}]}}