{"id":763,"date":"2016-01-12T01:22:37","date_gmt":"2016-01-11T23:22:37","guid":{"rendered":"https:\/\/www.fablab-neckar-alb.org\/?page_id=763"},"modified":"2017-05-11T18:09:55","modified_gmt":"2017-05-11T16:09:55","slug":"cnc-fraese","status":"publish","type":"page","link":"https:\/\/www.fablab-neckar-alb.org\/en\/projekte\/cnc-fraese\/","title":{"rendered":"CNC-Fr\u00e4se"},"content":{"rendered":"<p><span style=\"font-weight: 400;\">Wir bauen eine CNC-Fr\u00e4se auf. Basis daf\u00fcr ist eine geliehene Fr\u00e4se, die seit einigen Jahren nicht mehr gelaufen ist. Die bestehende Mechanik war etwas pflegebed\u00fcrftig. Zun\u00e4chst mussten wir eine verbogene Gewindestange tauschen und die Gleitlager wieder schmieren. Anschlie\u00dfend haben wir und mit der Hardware-Steuerung besch\u00e4ftigt und die Software auf Linux-CNC umgestellt.\u00a0<\/span><\/p>","protected":false},"excerpt":{"rendered":"<p>Wir bauen eine CNC-Fr\u00e4se auf. Basis daf\u00fcr ist eine geliehene Fr\u00e4se, die seit einigen Jahren nicht mehr gelaufen ist. Die bestehende Mechanik war etwas pflegebed\u00fcrftig. Zun\u00e4chst mussten wir eine verbogene [&hellip;]<\/p>\n","protected":false},"author":11,"featured_media":0,"parent":43,"menu_order":0,"comment_status":"closed","ping_status":"closed","template":"","meta":{"ocean_post_layout":"","ocean_both_sidebars_style":"","ocean_both_sidebars_content_width":0,"ocean_both_sidebars_sidebars_width":0,"ocean_sidebar":"","ocean_second_sidebar":"","ocean_disable_margins":"enable","ocean_add_body_class":"","ocean_shortcode_before_top_bar":"","ocean_shortcode_after_top_bar":"","ocean_shortcode_before_header":"","ocean_shortcode_after_header":"","ocean_has_shortcode":"","ocean_shortcode_after_title":"","ocean_shortcode_before_footer_widgets":"","ocean_shortcode_after_footer_widgets":"","ocean_shortcode_before_footer_bottom":"","ocean_shortcode_after_footer_bottom":"","ocean_display_top_bar":"default","ocean_display_header":"default","ocean_header_style":"","ocean_center_header_left_menu":"","ocean_custom_header_template":"","ocean_custom_logo":0,"ocean_custom_retina_logo":0,"ocean_custom_logo_max_width":0,"ocean_custom_logo_tablet_max_width":0,"ocean_custom_logo_mobile_max_width":0,"ocean_custom_logo_max_height":0,"ocean_custom_logo_tablet_max_height":0,"ocean_custom_logo_mobile_max_height":0,"ocean_header_custom_menu":"","ocean_menu_typo_font_family":"","ocean_menu_typo_font_subset":"","ocean_menu_typo_font_size":0,"ocean_menu_typo_font_size_tablet":0,"ocean_menu_typo_font_size_mobile":0,"ocean_menu_typo_font_size_unit":"px","ocean_menu_typo_font_weight":"","ocean_menu_typo_font_weight_tablet":"","ocean_menu_typo_font_weight_mobile":"","ocean_menu_typo_transform":"","ocean_menu_typo_transform_tablet":"","ocean_menu_typo_transform_mobile":"","ocean_menu_typo_line_height":0,"ocean_menu_typo_line_height_tablet":0,"ocean_menu_typo_line_height_mobile":0,"ocean_menu_typo_line_height_unit":"","ocean_menu_typo_spacing":0,"ocean_menu_typo_spacing_tablet":0,"ocean_menu_typo_spacing_mobile":0,"ocean_menu_typo_spacing_unit":"","ocean_menu_link_color":"","ocean_menu_link_color_hover":"","ocean_menu_link_color_active":"","ocean_menu_link_background":"","ocean_menu_link_hover_background":"","ocean_menu_link_active_background":"","ocean_menu_social_links_bg":"","ocean_menu_social_hover_links_bg":"","ocean_menu_social_links_color":"","ocean_menu_social_hover_links_color":"","ocean_disable_title":"default","ocean_disable_heading":"default","ocean_post_title":"","ocean_post_subheading":"","ocean_post_title_style":"","ocean_post_title_background_color":"","ocean_post_title_background":0,"ocean_post_title_bg_image_position":"","ocean_post_title_bg_image_attachment":"","ocean_post_title_bg_image_repeat":"","ocean_post_title_bg_image_size":"","ocean_post_title_height":0,"ocean_post_title_bg_overlay":0.5,"ocean_post_title_bg_overlay_color":"","ocean_disable_breadcrumbs":"default","ocean_breadcrumbs_color":"","ocean_breadcrumbs_separator_color":"","ocean_breadcrumbs_links_color":"","ocean_breadcrumbs_links_hover_color":"","ocean_display_footer_widgets":"default","ocean_display_footer_bottom":"default","ocean_custom_footer_template":"","footnotes":""},"class_list":["post-763","page","type-page","status-publish","hentry","entry"],"_links":{"self":[{"href":"https:\/\/www.fablab-neckar-alb.org\/en\/wp-json\/wp\/v2\/pages\/763","targetHints":{"allow":["GET"]}}],"collection":[{"href":"https:\/\/www.fablab-neckar-alb.org\/en\/wp-json\/wp\/v2\/pages"}],"about":[{"href":"https:\/\/www.fablab-neckar-alb.org\/en\/wp-json\/wp\/v2\/types\/page"}],"author":[{"embeddable":true,"href":"https:\/\/www.fablab-neckar-alb.org\/en\/wp-json\/wp\/v2\/users\/11"}],"replies":[{"embeddable":true,"href":"https:\/\/www.fablab-neckar-alb.org\/en\/wp-json\/wp\/v2\/comments?post=763"}],"version-history":[{"count":0,"href":"https:\/\/www.fablab-neckar-alb.org\/en\/wp-json\/wp\/v2\/pages\/763\/revisions"}],"up":[{"embeddable":true,"href":"https:\/\/www.fablab-neckar-alb.org\/en\/wp-json\/wp\/v2\/pages\/43"}],"wp:attachment":[{"href":"https:\/\/www.fablab-neckar-alb.org\/en\/wp-json\/wp\/v2\/media?parent=763"}],"curies":[{"name":"wp","href":"https:\/\/api.w.org\/{rel}","templated":true}]}}